{"id":354,"date":"2024-09-25T11:29:33","date_gmt":"2024-09-25T09:29:33","guid":{"rendered":"https:\/\/monterosaswiss.ch\/blog\/"},"modified":"2026-02-24T11:29:47","modified_gmt":"2026-02-24T10:29:47","slug":"blog","status":"publish","type":"page","link":"https:\/\/monterosaswiss.ch\/es\/blog\/","title":{"rendered":"Blog"},"content":{"rendered":"","protected":false},"excerpt":{"rendered":"","protected":false},"author":1,"featured_media":0,"parent":0,"menu_order":0,"comment_status":"closed","ping_status":"closed","template":"","meta":{"_acf_changed":false,"footnotes":""},"class_list":["post-354","page","type-page","status-publish","hentry"],"acf":[],"yoast_head":"<!-- This site is optimized with the Yoast SEO plugin v26.6 - https:\/\/yoast.com\/wordpress\/plugins\/seo\/ -->\n<title>blog simulaci\u00f3n metal\u00fargica y tecnolog\u00eda industrial<\/title>\n<meta name=\"description\" content=\"blog simulaci\u00f3n metal\u00fargica y tecnolog\u00eda industrial con art\u00edculos sobre extrusi\u00f3n, forja y optimizaci\u00f3n de procesos.\" \/>\n<meta name=\"robots\" content=\"index, follow, max-snippet:-1, max-image-preview:large, max-video-preview:-1\" \/>\n<link rel=\"canonical\" href=\"https:\/\/monterosaswiss.ch\/es\/blog\/\" \/>\n<meta property=\"og:locale\" content=\"es_ES\" \/>\n<meta property=\"og:type\" content=\"article\" \/>\n<meta property=\"og:title\" content=\"blog simulaci\u00f3n metal\u00fargica y tecnolog\u00eda industrial\" \/>\n<meta property=\"og:description\" content=\"blog simulaci\u00f3n metal\u00fargica y tecnolog\u00eda industrial con art\u00edculos sobre extrusi\u00f3n, forja y optimizaci\u00f3n de procesos.\" \/>\n<meta property=\"og:url\" content=\"https:\/\/monterosaswiss.ch\/es\/blog\/\" \/>\n<meta property=\"og:site_name\" content=\"Monterosa Advisory\" \/>\n<meta property=\"article:modified_time\" content=\"2026-02-24T10:29:47+00:00\" \/>\n<meta property=\"og:image\" content=\"https:\/\/monterosaswiss.ch\/wp-content\/uploads\/2024\/12\/monterosa_logo.png\" \/>\n\t<meta property=\"og:image:width\" content=\"500\" \/>\n\t<meta property=\"og:image:height\" content=\"69\" \/>\n\t<meta property=\"og:image:type\" content=\"image\/png\" \/>\n<meta name=\"twitter:card\" content=\"summary_large_image\" \/>\n<meta name=\"twitter:label1\" content=\"Tiempo de lectura\" \/>\n\t<meta name=\"twitter:data1\" content=\"2 minutos\" \/>\n<script type=\"application\/ld+json\" class=\"yoast-schema-graph\">{\"@context\":\"https:\/\/schema.org\",\"@graph\":[{\"@type\":\"WebPage\",\"@id\":\"https:\/\/monterosaswiss.ch\/es\/blog\/\",\"url\":\"https:\/\/monterosaswiss.ch\/es\/blog\/\",\"name\":\"blog simulaci\u00f3n metal\u00fargica y tecnolog\u00eda industrial\",\"isPartOf\":{\"@id\":\"https:\/\/monterosaswiss.ch\/es\/#website\"},\"datePublished\":\"2024-09-25T09:29:33+00:00\",\"dateModified\":\"2026-02-24T10:29:47+00:00\",\"description\":\"blog simulaci\u00f3n metal\u00fargica y tecnolog\u00eda industrial con art\u00edculos sobre extrusi\u00f3n, forja y optimizaci\u00f3n de procesos.\",\"breadcrumb\":{\"@id\":\"https:\/\/monterosaswiss.ch\/es\/blog\/#breadcrumb\"},\"inLanguage\":\"es\",\"potentialAction\":[{\"@type\":\"ReadAction\",\"target\":[\"https:\/\/monterosaswiss.ch\/es\/blog\/\"]}]},{\"@type\":\"BreadcrumbList\",\"@id\":\"https:\/\/monterosaswiss.ch\/es\/blog\/#breadcrumb\",\"itemListElement\":[{\"@type\":\"ListItem\",\"position\":1,\"name\":\"Home\",\"item\":\"https:\/\/monterosaswiss.ch\/es\/homepage\/\"},{\"@type\":\"ListItem\",\"position\":2,\"name\":\"Blog\"}]},{\"@type\":\"WebSite\",\"@id\":\"https:\/\/monterosaswiss.ch\/es\/#website\",\"url\":\"https:\/\/monterosaswiss.ch\/es\/\",\"name\":\"Monterosa Advisory\",\"description\":\"\",\"publisher\":{\"@id\":\"https:\/\/monterosaswiss.ch\/es\/#organization\"},\"potentialAction\":[{\"@type\":\"SearchAction\",\"target\":{\"@type\":\"EntryPoint\",\"urlTemplate\":\"https:\/\/monterosaswiss.ch\/es\/?s={search_term_string}\"},\"query-input\":{\"@type\":\"PropertyValueSpecification\",\"valueRequired\":true,\"valueName\":\"search_term_string\"}}],\"inLanguage\":\"es\"},{\"@type\":\"Organization\",\"@id\":\"https:\/\/monterosaswiss.ch\/es\/#organization\",\"name\":\"Monterosa Advisory\",\"url\":\"https:\/\/monterosaswiss.ch\/es\/\",\"logo\":{\"@type\":\"ImageObject\",\"inLanguage\":\"es\",\"@id\":\"https:\/\/monterosaswiss.ch\/es\/#\/schema\/logo\/image\/\",\"url\":\"https:\/\/monterosaswiss.ch\/wp-content\/uploads\/2024\/09\/cropped-monterosa-advisory_favicon.png\",\"contentUrl\":\"https:\/\/monterosaswiss.ch\/wp-content\/uploads\/2024\/09\/cropped-monterosa-advisory_favicon.png\",\"width\":512,\"height\":512,\"caption\":\"Monterosa Advisory\"},\"image\":{\"@id\":\"https:\/\/monterosaswiss.ch\/es\/#\/schema\/logo\/image\/\"}}]}<\/script>\n<!-- \/ Yoast SEO plugin. -->","yoast_head_json":{"title":"blog simulaci\u00f3n metal\u00fargica y tecnolog\u00eda industrial","description":"blog simulaci\u00f3n metal\u00fargica y tecnolog\u00eda industrial con art\u00edculos sobre extrusi\u00f3n, forja y optimizaci\u00f3n de procesos.","robots":{"index":"index","follow":"follow","max-snippet":"max-snippet:-1","max-image-preview":"max-image-preview:large","max-video-preview":"max-video-preview:-1"},"canonical":"https:\/\/monterosaswiss.ch\/es\/blog\/","og_locale":"es_ES","og_type":"article","og_title":"blog simulaci\u00f3n metal\u00fargica y tecnolog\u00eda industrial","og_description":"blog simulaci\u00f3n metal\u00fargica y tecnolog\u00eda industrial con art\u00edculos sobre extrusi\u00f3n, forja y optimizaci\u00f3n de procesos.","og_url":"https:\/\/monterosaswiss.ch\/es\/blog\/","og_site_name":"Monterosa Advisory","article_modified_time":"2026-02-24T10:29:47+00:00","og_image":[{"width":500,"height":69,"url":"https:\/\/monterosaswiss.ch\/wp-content\/uploads\/2024\/12\/monterosa_logo.png","type":"image\/png"}],"twitter_card":"summary_large_image","twitter_misc":{"Tiempo de lectura":"2 minutos"},"schema":{"@context":"https:\/\/schema.org","@graph":[{"@type":"WebPage","@id":"https:\/\/monterosaswiss.ch\/es\/blog\/","url":"https:\/\/monterosaswiss.ch\/es\/blog\/","name":"blog simulaci\u00f3n metal\u00fargica y tecnolog\u00eda industrial","isPartOf":{"@id":"https:\/\/monterosaswiss.ch\/es\/#website"},"datePublished":"2024-09-25T09:29:33+00:00","dateModified":"2026-02-24T10:29:47+00:00","description":"blog simulaci\u00f3n metal\u00fargica y tecnolog\u00eda industrial con art\u00edculos sobre extrusi\u00f3n, forja y optimizaci\u00f3n de procesos.","breadcrumb":{"@id":"https:\/\/monterosaswiss.ch\/es\/blog\/#breadcrumb"},"inLanguage":"es","potentialAction":[{"@type":"ReadAction","target":["https:\/\/monterosaswiss.ch\/es\/blog\/"]}]},{"@type":"BreadcrumbList","@id":"https:\/\/monterosaswiss.ch\/es\/blog\/#breadcrumb","itemListElement":[{"@type":"ListItem","position":1,"name":"Home","item":"https:\/\/monterosaswiss.ch\/es\/homepage\/"},{"@type":"ListItem","position":2,"name":"Blog"}]},{"@type":"WebSite","@id":"https:\/\/monterosaswiss.ch\/es\/#website","url":"https:\/\/monterosaswiss.ch\/es\/","name":"Monterosa Advisory","description":"","publisher":{"@id":"https:\/\/monterosaswiss.ch\/es\/#organization"},"potentialAction":[{"@type":"SearchAction","target":{"@type":"EntryPoint","urlTemplate":"https:\/\/monterosaswiss.ch\/es\/?s={search_term_string}"},"query-input":{"@type":"PropertyValueSpecification","valueRequired":true,"valueName":"search_term_string"}}],"inLanguage":"es"},{"@type":"Organization","@id":"https:\/\/monterosaswiss.ch\/es\/#organization","name":"Monterosa Advisory","url":"https:\/\/monterosaswiss.ch\/es\/","logo":{"@type":"ImageObject","inLanguage":"es","@id":"https:\/\/monterosaswiss.ch\/es\/#\/schema\/logo\/image\/","url":"https:\/\/monterosaswiss.ch\/wp-content\/uploads\/2024\/09\/cropped-monterosa-advisory_favicon.png","contentUrl":"https:\/\/monterosaswiss.ch\/wp-content\/uploads\/2024\/09\/cropped-monterosa-advisory_favicon.png","width":512,"height":512,"caption":"Monterosa Advisory"},"image":{"@id":"https:\/\/monterosaswiss.ch\/es\/#\/schema\/logo\/image\/"}}]}},"_links":{"self":[{"href":"https:\/\/monterosaswiss.ch\/es\/wp-json\/wp\/v2\/pages\/354","targetHints":{"allow":["GET"]}}],"collection":[{"href":"https:\/\/monterosaswiss.ch\/es\/wp-json\/wp\/v2\/pages"}],"about":[{"href":"https:\/\/monterosaswiss.ch\/es\/wp-json\/wp\/v2\/types\/page"}],"author":[{"embeddable":true,"href":"https:\/\/monterosaswiss.ch\/es\/wp-json\/wp\/v2\/users\/1"}],"replies":[{"embeddable":true,"href":"https:\/\/monterosaswiss.ch\/es\/wp-json\/wp\/v2\/comments?post=354"}],"version-history":[{"count":1,"href":"https:\/\/monterosaswiss.ch\/es\/wp-json\/wp\/v2\/pages\/354\/revisions"}],"predecessor-version":[{"id":430,"href":"https:\/\/monterosaswiss.ch\/es\/wp-json\/wp\/v2\/pages\/354\/revisions\/430"}],"wp:attachment":[{"href":"https:\/\/monterosaswiss.ch\/es\/wp-json\/wp\/v2\/media?parent=354"}],"curies":[{"name":"wp","href":"https:\/\/api.w.org\/{rel}","templated":true}]}}